{"id":323,"date":"2024-03-13T10:31:18","date_gmt":"2024-03-13T10:31:18","guid":{"rendered":"https:\/\/testerwp.com\/elementor-wp\/education-elementor\/?page_id=11"},"modified":"2024-12-15T14:24:22","modified_gmt":"2024-12-15T14:24:22","slug":"home","status":"publish","type":"page","link":"https:\/\/cheikhhassanelouerghi.tn\/","title":{"rendered":"Home"},"content":{"rendered":"\t\t<div data-elementor-type=\"wp-page\" data-elementor-id=\"323\" class=\"elementor elementor-323\">\n\t\t\t\t\t\t<section class=\"elementor-section elementor-top-section elementor-element elementor-element-4d94ea87 elementor-section-boxed elementor-section-height-default elementor-section-height-default\" data-id=\"4d94ea87\" data-element_type=\"section\" data-settings=\"{&quot;background_background&quot;:&quot;classic&quot;}\">\n\t\t\t\t\t\t\t<div class=\"elementor-background-overlay\"><\/div>\n\t\t\t\t\t\t\t<div class=\"elementor-container elementor-column-gap-default\">\n\t\t\t\t\t<div class=\"elementor-column elementor-col-100 elementor-top-column elementor-element elementor-element-1bb4d19c\" data-id=\"1bb4d19c\" data-element_type=\"column\">\n\t\t\t<div class=\"elementor-widget-wrap elementor-element-populated\">\n\t\t\t\t\t\t<div class=\"elementor-element elementor-element-45d85e99 elementor-widget elementor-widget-elementskit-heading\" data-id=\"45d85e99\" data-element_type=\"widget\" data-widget_type=\"elementskit-heading.default\">\n\t\t\t\t<div class=\"elementor-widget-container\">\n\t\t\t<div class=\"ekit-wid-con\" ><div class=\"ekit-heading elementskit-section-title-wraper text_center   ekit_heading_tablet-   ekit_heading_mobile-\"><span class=\"elementskit-section-subtitle  \">\n\t\t\t\t\t\tBiography\n\t\t\t\t\t<\/span><h2 class=\"ekit-heading--title elementskit-section-title \">Cheikh Hassan el Ouerghi<\/h2>\t\t\t\t<div class='ekit-heading__description'>\n\t\t\t\t\t<p>Cheikh Hassen El Ouerghi fut une figure embl\u00e9matique du savoir, de la spiritualit\u00e9 et de la transmission de la tradition islamique en Tunisie et au-del\u00e0.<\/p>\n\t\t\t\t<\/div>\n\t\t\t<\/div><\/div>\t\t<\/div>\n\t\t\t\t<\/div>\n\t\t\t\t<div class=\"elementor-element elementor-element-149c5171 elementor-widget elementor-widget-elementskit-button\" data-id=\"149c5171\" data-element_type=\"widget\" data-widget_type=\"elementskit-button.default\">\n\t\t\t\t<div class=\"elementor-widget-container\">\n\t\t\t<div class=\"ekit-wid-con\" >\t\t<div class=\"ekit-btn-wraper\">\n\t\t\t\t\t\t\t<a href=\"#\" class=\"elementskit-btn  whitespace--normal\" id=\"\">\n\t\t\t\t\tlire Plus\t\t\t\t<\/a>\n\t\t\t\t\t<\/div>\n        <\/div>\t\t<\/div>\n\t\t\t\t<\/div>\n\t\t\t\t\t<\/div>\n\t\t<\/div>\n\t\t\t\t\t<\/div>\n\t\t<\/section>\n\t\t\t\t<section class=\"elementor-section elementor-top-section elementor-element elementor-element-7ec5583c elementor-section-boxed elementor-section-height-default elementor-section-height-default\" data-id=\"7ec5583c\" data-element_type=\"section\">\n\t\t\t\t\t\t<div class=\"elementor-container elementor-column-gap-default\">\n\t\t\t\t\t<div class=\"elementor-column elementor-col-100 elementor-top-column elementor-element elementor-element-68c2882\" data-id=\"68c2882\" data-element_type=\"column\">\n\t\t\t<div class=\"elementor-widget-wrap\">\n\t\t\t\t\t\t\t<\/div>\n\t\t<\/div>\n\t\t\t\t\t<\/div>\n\t\t<\/section>\n\t\t\t\t<\/div>\n\t\t","protected":false},"excerpt":{"rendered":"<p>Biography Cheikh Hassan el Ouerghi Cheikh Hassen El Ouerghi fut une figure embl\u00e9matique du savoir, de la spiritualit\u00e9 et de la transmission de la tradition islamique en Tunisie et au-del\u00e0. lire Plus<\/p>\n","protected":false},"author":1,"featured_media":0,"parent":0,"menu_order":0,"comment_status":"closed","ping_status":"closed","template":"elementor_header_footer","meta":{"footnotes":""},"class_list":["post-323","page","type-page","status-publish","hentry"],"_links":{"self":[{"href":"https:\/\/cheikhhassanelouerghi.tn\/index.php?rest_route=\/wp\/v2\/pages\/323","targetHints":{"allow":["GET"]}}],"collection":[{"href":"https:\/\/cheikhhassanelouerghi.tn\/index.php?rest_route=\/wp\/v2\/pages"}],"about":[{"href":"https:\/\/cheikhhassanelouerghi.tn\/index.php?rest_route=\/wp\/v2\/types\/page"}],"author":[{"embeddable":true,"href":"https:\/\/cheikhhassanelouerghi.tn\/index.php?rest_route=\/wp\/v2\/users\/1"}],"replies":[{"embeddable":true,"href":"https:\/\/cheikhhassanelouerghi.tn\/index.php?rest_route=%2Fwp%2Fv2%2Fcomments&post=323"}],"version-history":[{"count":7,"href":"https:\/\/cheikhhassanelouerghi.tn\/index.php?rest_route=\/wp\/v2\/pages\/323\/revisions"}],"predecessor-version":[{"id":663,"href":"https:\/\/cheikhhassanelouerghi.tn\/index.php?rest_route=\/wp\/v2\/pages\/323\/revisions\/663"}],"wp:attachment":[{"href":"https:\/\/cheikhhassanelouerghi.tn\/index.php?rest_route=%2Fwp%2Fv2%2Fmedia&parent=323"}],"curies":[{"name":"wp","href":"https:\/\/api.w.org\/{rel}","templated":true}]}}